{"id":91,"date":"2012-10-03T09:52:47","date_gmt":"2012-10-03T07:52:47","guid":{"rendered":"http:\/\/loc8it.dk\/?page_id=91"},"modified":"2016-08-05T12:59:20","modified_gmt":"2016-08-05T10:59:20","slug":"wishlist","status":"publish","type":"page","link":"https:\/\/loc8it.dk\/?page_id=91","title":{"rendered":"Wishlist"},"content":{"rendered":"<p>Man har ret til gaver engang imellem og da jeg aldrig har nogen \u00f8nsker n\u00e5r folk beder om dem, vil jeg l\u00f8bende opdatere denne side, n\u00e5r jeg kommer p\u00e5 noget \ud83d\ude42<\/p>\n<ul>\n<li>Silkedyne i 220 cm<\/li>\n<li>Senget\u00f8j fra <a href=\"http:\/\/www.damask.dk\/pages\/wishlist.aspx?wishListGuid=78763&amp;key=6L4g5AtFjyz\" target=\"_blank\">Georg Jensen Damask<\/a><\/li>\n<li>Sort Blazerjakke<\/li>\n<li>Bj\u00f8rn Borg boxershorts &#8211; str. L<\/li>\n<\/ul>\n<p>Det var alt pt, mere vil komme n\u00e5r jeg finder p\u00e5 noget.<\/p>\n","protected":false},"excerpt":{"rendered":"<p>Man har ret til gaver engang imellem og da jeg aldrig har nogen \u00f8nsker n\u00e5r folk beder om dem, vil jeg l\u00f8bende opdatere denne side, n\u00e5r jeg kommer p\u00e5 noget \ud83d\ude42 Silkedyne i 220 cm Senget\u00f8j fra Georg Jensen Damask &hellip; <a href=\"https:\/\/loc8it.dk\/?page_id=91\">L\u00e6s resten <span class=\"meta-nav\">&rarr;<\/span><\/a><\/p>\n","protected":false},"author":1,"featured_media":0,"parent":0,"menu_order":3000,"comment_status":"closed","ping_status":"closed","template":"","meta":{"ngg_post_thumbnail":0,"jetpack_post_was_ever_published":false,"footnotes":""},"class_list":["post-91","page","type-page","status-publish","hentry"],"jetpack_sharing_enabled":true,"jetpack_shortlink":"https:\/\/wp.me\/P2LGgl-1t","_links":{"self":[{"href":"https:\/\/loc8it.dk\/index.php?rest_route=\/wp\/v2\/pages\/91","targetHints":{"allow":["GET"]}}],"collection":[{"href":"https:\/\/loc8it.dk\/index.php?rest_route=\/wp\/v2\/pages"}],"about":[{"href":"https:\/\/loc8it.dk\/index.php?rest_route=\/wp\/v2\/types\/page"}],"author":[{"embeddable":true,"href":"https:\/\/loc8it.dk\/index.php?rest_route=\/wp\/v2\/users\/1"}],"replies":[{"embeddable":true,"href":"https:\/\/loc8it.dk\/index.php?rest_route=%2Fwp%2Fv2%2Fcomments&post=91"}],"version-history":[{"count":28,"href":"https:\/\/loc8it.dk\/index.php?rest_route=\/wp\/v2\/pages\/91\/revisions"}],"predecessor-version":[{"id":325,"href":"https:\/\/loc8it.dk\/index.php?rest_route=\/wp\/v2\/pages\/91\/revisions\/325"}],"wp:attachment":[{"href":"https:\/\/loc8it.dk\/index.php?rest_route=%2Fwp%2Fv2%2Fmedia&parent=91"}],"curies":[{"name":"wp","href":"https:\/\/api.w.org\/{rel}","templated":true}]}}