{"id":15,"date":"2012-09-23T21:35:09","date_gmt":"2012-09-23T19:35:09","guid":{"rendered":"http:\/\/loc8it.dk\/?page_id=15"},"modified":"2023-02-03T18:18:31","modified_gmt":"2023-02-03T16:18:31","slug":"om","status":"publish","type":"page","link":"https:\/\/loc8it.dk\/","title":{"rendered":"Om"},"content":{"rendered":"<p>Navnet er Spliid, Martin Spliid. Jeg er 43 somre og bor sammen med min kone Dorthe &amp; vores d\u00f8tre Olivia og L\u00e6rke, i Vallensb\u00e6k Strand.<\/p>\n<p>Til dagligt sl\u00e5r jeg min gang i&nbsp;KU-IT, som gruppeleder for Supportcenter Frederiksberg og vores Dispatchteam.<\/p>\n<p>Min fritid bruges p\u00e5 familien og venner.<\/p>\n","protected":false},"excerpt":{"rendered":"<p>Navnet er Spliid, Martin Spliid. Jeg er 43 somre og bor sammen med min kone Dorthe &amp; vores d\u00f8tre Olivia og L\u00e6rke, i Vallensb\u00e6k Strand. Til dagligt sl\u00e5r jeg min gang i&nbsp;KU-IT, som gruppeleder for Supportcenter Frederiksberg og vores Dispatchteam. &hellip; <a href=\"https:\/\/loc8it.dk\/\">L\u00e6s resten <span class=\"meta-nav\">&rarr;<\/span><\/a><\/p>\n","protected":false},"author":1,"featured_media":0,"parent":0,"menu_order":0,"comment_status":"closed","ping_status":"closed","template":"","meta":{"ngg_post_thumbnail":0,"jetpack_post_was_ever_published":false,"footnotes":""},"class_list":["post-15","page","type-page","status-publish","hentry"],"jetpack_sharing_enabled":false,"jetpack_shortlink":"https:\/\/wp.me\/P2LGgl-f","_links":{"self":[{"href":"https:\/\/loc8it.dk\/index.php?rest_route=\/wp\/v2\/pages\/15","targetHints":{"allow":["GET"]}}],"collection":[{"href":"https:\/\/loc8it.dk\/index.php?rest_route=\/wp\/v2\/pages"}],"about":[{"href":"https:\/\/loc8it.dk\/index.php?rest_route=\/wp\/v2\/types\/page"}],"author":[{"embeddable":true,"href":"https:\/\/loc8it.dk\/index.php?rest_route=\/wp\/v2\/users\/1"}],"replies":[{"embeddable":true,"href":"https:\/\/loc8it.dk\/index.php?rest_route=%2Fwp%2Fv2%2Fcomments&post=15"}],"version-history":[{"count":7,"href":"https:\/\/loc8it.dk\/index.php?rest_route=\/wp\/v2\/pages\/15\/revisions"}],"predecessor-version":[{"id":412,"href":"https:\/\/loc8it.dk\/index.php?rest_route=\/wp\/v2\/pages\/15\/revisions\/412"}],"wp:attachment":[{"href":"https:\/\/loc8it.dk\/index.php?rest_route=%2Fwp%2Fv2%2Fmedia&parent=15"}],"curies":[{"name":"wp","href":"https:\/\/api.w.org\/{rel}","templated":true}]}}